{"id":15631,"date":"2019-12-03T08:45:14","date_gmt":"2019-12-03T07:45:14","guid":{"rendered":"https:\/\/dn-defence.com\/karriere\/study-studium-2\/"},"modified":"2020-03-27T10:40:28","modified_gmt":"2020-03-27T09:40:28","slug":"study-studium-2","status":"publish","type":"page","link":"https:\/\/dn-defence.com\/de\/karriere\/study-studium-2\/","title":{"rendered":"Studium"},"content":{"rendered":"<p>Bei DND bieten wir Ihnen die M\u00f6glichkeit, bereits w\u00e4hrend des Studiums einen Einblick in die innerbetrieblichen Abl\u00e4ufe<\/p>\n<p>eines erfolgreichen, mittelst\u00e4ndigen Unternehmens zu bekommen.<\/p>\n<p>Zum Beispiel im Rahmen eines Praktikums, in dem Sie mit Ihrem fachlichen Wissen, aktiv in unseren unterschiedlichen<\/p>\n<p>Arbeitsfeldern mitwirken k\u00f6nnen. Durch praxisorientiertes Arbeiten, sammeln Sie wertvolle Erfahrungen f\u00fcr Ihr weiteres<\/p>\n<p>Studium und verbessern gleichzeitig Ihre Einstiegsm\u00f6glichkeiten in die Arbeitswelt.<\/p>\n<p>Des Weiteren steht Ihnen offen, Ihre Studienabschlussarbeit (Bachelor, Master, Diplom) im Rahmen eines Projektes<\/p>\n<p>bei uns zu verfassen. Flexible Arbeitszeiten und hilfsbereite Kollegen gew\u00e4hrleisten dabei ein produktives Arbeitsklima.<\/p>\n","protected":false},"excerpt":{"rendered":"<p>Bei DND bieten wir Ihnen die M\u00f6glichkeit, bereits w\u00e4hrend des Studiums einen Einblick in die innerbetrieblichen Abl\u00e4ufe eines erfolgreichen, mittelst\u00e4ndigen Unternehmens zu bekommen. Zum Beispiel im Rahmen eines Praktikums, in dem Sie mit Ihrem fachlichen Wissen, aktiv in unseren unterschiedlichen Arbeitsfeldern mitwirken k\u00f6nnen. Durch praxisorientiertes Arbeiten, sammeln Sie wertvolle Erfahrungen f\u00fcr Ihr weiteres Studium und&hellip; <br \/> <a class=\"read-more\" href=\"https:\/\/dn-defence.com\/de\/karriere\/study-studium-2\/\">Weiterlesen<\/a><\/p>\n","protected":false},"author":7,"featured_media":0,"parent":611,"menu_order":0,"comment_status":"closed","ping_status":"closed","template":"","meta":{"footnotes":""},"class_list":["post-15631","page","type-page","status-publish","hentry"],"yoast_head":"<!-- This site is optimized with the Yoast SEO plugin v27.3 - https:\/\/yoast.com\/product\/yoast-seo-wordpress\/ -->\n<title>Studium - Dynamit Nobel Defence GmbH<\/title>\n<meta name=\"robots\" content=\"index, follow, max-snippet:-1, max-image-preview:large, max-video-preview:-1\" \/>\n<link rel=\"canonical\" href=\"https:\/\/dn-defence.com\/karriere\/study-studium-2\/\" \/>\n<meta property=\"og:locale\" content=\"de_DE\" \/>\n<meta property=\"og:type\" content=\"article\" \/>\n<meta property=\"og:title\" content=\"Studium - Dynamit Nobel Defence GmbH\" \/>\n<meta property=\"og:description\" content=\"Bei DND bieten wir Ihnen die M\u00f6glichkeit, bereits w\u00e4hrend des Studiums einen Einblick in die innerbetrieblichen Abl\u00e4ufe eines erfolgreichen, mittelst\u00e4ndigen Unternehmens zu bekommen. Zum Beispiel im Rahmen eines Praktikums, in dem Sie mit Ihrem fachlichen Wissen, aktiv in unseren unterschiedlichen Arbeitsfeldern mitwirken k\u00f6nnen. Durch praxisorientiertes Arbeiten, sammeln Sie wertvolle Erfahrungen f\u00fcr Ihr weiteres Studium und&hellip; Weiterlesen\" \/>\n<meta property=\"og:url\" content=\"https:\/\/dn-defence.com\/karriere\/study-studium-2\/\" \/>\n<meta property=\"og:site_name\" content=\"Dynamit Nobel Defence GmbH\" \/>\n<meta property=\"article:modified_time\" content=\"2020-03-27T09:40:28+00:00\" \/>\n<meta name=\"twitter:card\" content=\"summary_large_image\" \/>\n<script type=\"application\/ld+json\" class=\"yoast-schema-graph\">{\"@context\":\"https:\\\/\\\/schema.org\",\"@graph\":[{\"@type\":\"WebPage\",\"@id\":\"https:\\\/\\\/dn-defence.com\\\/karriere\\\/study-studium-2\\\/\",\"url\":\"https:\\\/\\\/dn-defence.com\\\/karriere\\\/study-studium-2\\\/\",\"name\":\"Studium - Dynamit Nobel Defence GmbH\",\"isPartOf\":{\"@id\":\"https:\\\/\\\/dn-defence.com\\\/#website\"},\"datePublished\":\"2019-12-03T07:45:14+00:00\",\"dateModified\":\"2020-03-27T09:40:28+00:00\",\"breadcrumb\":{\"@id\":\"https:\\\/\\\/dn-defence.com\\\/karriere\\\/study-studium-2\\\/#breadcrumb\"},\"inLanguage\":\"de\",\"potentialAction\":[{\"@type\":\"ReadAction\",\"target\":[\"https:\\\/\\\/dn-defence.com\\\/karriere\\\/study-studium-2\\\/\"]}]},{\"@type\":\"BreadcrumbList\",\"@id\":\"https:\\\/\\\/dn-defence.com\\\/karriere\\\/study-studium-2\\\/#breadcrumb\",\"itemListElement\":[{\"@type\":\"ListItem\",\"position\":1,\"name\":\"Startseite\",\"item\":\"https:\\\/\\\/dn-defence.com\\\/de\\\/\"},{\"@type\":\"ListItem\",\"position\":2,\"name\":\"Karriere\",\"item\":\"https:\\\/\\\/dn-defence.com\\\/karriere\\\/\"},{\"@type\":\"ListItem\",\"position\":3,\"name\":\"Studium\"}]},{\"@type\":\"WebSite\",\"@id\":\"https:\\\/\\\/dn-defence.com\\\/#website\",\"url\":\"https:\\\/\\\/dn-defence.com\\\/\",\"name\":\"Dynamit Nobel Defence GmbH\",\"description\":\"Dynamit Nobel Defence\",\"publisher\":{\"@id\":\"https:\\\/\\\/dn-defence.com\\\/#organization\"},\"potentialAction\":[{\"@type\":\"SearchAction\",\"target\":{\"@type\":\"EntryPoint\",\"urlTemplate\":\"https:\\\/\\\/dn-defence.com\\\/?s={search_term_string}\"},\"query-input\":{\"@type\":\"PropertyValueSpecification\",\"valueRequired\":true,\"valueName\":\"search_term_string\"}}],\"inLanguage\":\"de\"},{\"@type\":\"Organization\",\"@id\":\"https:\\\/\\\/dn-defence.com\\\/#organization\",\"name\":\"Dynamit Nobel Defence GmbH\",\"url\":\"https:\\\/\\\/dn-defence.com\\\/\",\"logo\":{\"@type\":\"ImageObject\",\"inLanguage\":\"de\",\"@id\":\"https:\\\/\\\/dn-defence.com\\\/#\\\/schema\\\/logo\\\/image\\\/\",\"url\":\"https:\\\/\\\/dn-defence.com\\\/wp-content\\\/uploads\\\/2025\\\/09\\\/DND_4c_RZ_blau.png\",\"contentUrl\":\"https:\\\/\\\/dn-defence.com\\\/wp-content\\\/uploads\\\/2025\\\/09\\\/DND_4c_RZ_blau.png\",\"width\":400,\"height\":180,\"caption\":\"Dynamit Nobel Defence GmbH\"},\"image\":{\"@id\":\"https:\\\/\\\/dn-defence.com\\\/#\\\/schema\\\/logo\\\/image\\\/\"},\"sameAs\":[\"https:\\\/\\\/www.linkedin.com\\\/company\\\/dynamit-nobel-defence-gmbh\\\/posts\\\/?feedView=all\"]}]}<\/script>\n<!-- \/ Yoast SEO plugin. -->","yoast_head_json":{"title":"Studium - Dynamit Nobel Defence GmbH","robots":{"index":"index","follow":"follow","max-snippet":"max-snippet:-1","max-image-preview":"max-image-preview:large","max-video-preview":"max-video-preview:-1"},"canonical":"https:\/\/dn-defence.com\/karriere\/study-studium-2\/","og_locale":"de_DE","og_type":"article","og_title":"Studium - Dynamit Nobel Defence GmbH","og_description":"Bei DND bieten wir Ihnen die M\u00f6glichkeit, bereits w\u00e4hrend des Studiums einen Einblick in die innerbetrieblichen Abl\u00e4ufe eines erfolgreichen, mittelst\u00e4ndigen Unternehmens zu bekommen. Zum Beispiel im Rahmen eines Praktikums, in dem Sie mit Ihrem fachlichen Wissen, aktiv in unseren unterschiedlichen Arbeitsfeldern mitwirken k\u00f6nnen. Durch praxisorientiertes Arbeiten, sammeln Sie wertvolle Erfahrungen f\u00fcr Ihr weiteres Studium und&hellip; Weiterlesen","og_url":"https:\/\/dn-defence.com\/karriere\/study-studium-2\/","og_site_name":"Dynamit Nobel Defence GmbH","article_modified_time":"2020-03-27T09:40:28+00:00","twitter_card":"summary_large_image","schema":{"@context":"https:\/\/schema.org","@graph":[{"@type":"WebPage","@id":"https:\/\/dn-defence.com\/karriere\/study-studium-2\/","url":"https:\/\/dn-defence.com\/karriere\/study-studium-2\/","name":"Studium - Dynamit Nobel Defence GmbH","isPartOf":{"@id":"https:\/\/dn-defence.com\/#website"},"datePublished":"2019-12-03T07:45:14+00:00","dateModified":"2020-03-27T09:40:28+00:00","breadcrumb":{"@id":"https:\/\/dn-defence.com\/karriere\/study-studium-2\/#breadcrumb"},"inLanguage":"de","potentialAction":[{"@type":"ReadAction","target":["https:\/\/dn-defence.com\/karriere\/study-studium-2\/"]}]},{"@type":"BreadcrumbList","@id":"https:\/\/dn-defence.com\/karriere\/study-studium-2\/#breadcrumb","itemListElement":[{"@type":"ListItem","position":1,"name":"Startseite","item":"https:\/\/dn-defence.com\/de\/"},{"@type":"ListItem","position":2,"name":"Karriere","item":"https:\/\/dn-defence.com\/karriere\/"},{"@type":"ListItem","position":3,"name":"Studium"}]},{"@type":"WebSite","@id":"https:\/\/dn-defence.com\/#website","url":"https:\/\/dn-defence.com\/","name":"Dynamit Nobel Defence GmbH","description":"Dynamit Nobel Defence","publisher":{"@id":"https:\/\/dn-defence.com\/#organization"},"potentialAction":[{"@type":"SearchAction","target":{"@type":"EntryPoint","urlTemplate":"https:\/\/dn-defence.com\/?s={search_term_string}"},"query-input":{"@type":"PropertyValueSpecification","valueRequired":true,"valueName":"search_term_string"}}],"inLanguage":"de"},{"@type":"Organization","@id":"https:\/\/dn-defence.com\/#organization","name":"Dynamit Nobel Defence GmbH","url":"https:\/\/dn-defence.com\/","logo":{"@type":"ImageObject","inLanguage":"de","@id":"https:\/\/dn-defence.com\/#\/schema\/logo\/image\/","url":"https:\/\/dn-defence.com\/wp-content\/uploads\/2025\/09\/DND_4c_RZ_blau.png","contentUrl":"https:\/\/dn-defence.com\/wp-content\/uploads\/2025\/09\/DND_4c_RZ_blau.png","width":400,"height":180,"caption":"Dynamit Nobel Defence GmbH"},"image":{"@id":"https:\/\/dn-defence.com\/#\/schema\/logo\/image\/"},"sameAs":["https:\/\/www.linkedin.com\/company\/dynamit-nobel-defence-gmbh\/posts\/?feedView=all"]}]}},"_links":{"self":[{"href":"https:\/\/dn-defence.com\/de\/wp-json\/wp\/v2\/pages\/15631","targetHints":{"allow":["GET"]}}],"collection":[{"href":"https:\/\/dn-defence.com\/de\/wp-json\/wp\/v2\/pages"}],"about":[{"href":"https:\/\/dn-defence.com\/de\/wp-json\/wp\/v2\/types\/page"}],"author":[{"embeddable":true,"href":"https:\/\/dn-defence.com\/de\/wp-json\/wp\/v2\/users\/7"}],"replies":[{"embeddable":true,"href":"https:\/\/dn-defence.com\/de\/wp-json\/wp\/v2\/comments?post=15631"}],"version-history":[{"count":1,"href":"https:\/\/dn-defence.com\/de\/wp-json\/wp\/v2\/pages\/15631\/revisions"}],"predecessor-version":[{"id":15632,"href":"https:\/\/dn-defence.com\/de\/wp-json\/wp\/v2\/pages\/15631\/revisions\/15632"}],"up":[{"embeddable":true,"href":"https:\/\/dn-defence.com\/de\/wp-json\/wp\/v2\/pages\/611"}],"wp:attachment":[{"href":"https:\/\/dn-defence.com\/de\/wp-json\/wp\/v2\/media?parent=15631"}],"curies":[{"name":"wp","href":"https:\/\/api.w.org\/{rel}","templated":true}]}}